{"id":6,"date":"2012-10-05T16:09:16","date_gmt":"2012-10-05T15:09:16","guid":{"rendered":"http:\/\/malonneomega.be\/?page_id=6"},"modified":"2018-10-30T09:44:53","modified_gmt":"2018-10-30T08:44:53","slug":"acces","status":"publish","type":"page","link":"https:\/\/malonneomega.be\/?page_id=6","title":{"rendered":"Acc\u00e8s"},"content":{"rendered":"<p><strong>Adresse<\/strong> :<\/p>\n<p>91 route d\u2019 Insepr\u00e9\u00a0\u00a0 &#8211;\u00a0\u00a0 5020 Malonne<\/p>\n<p><strong>Coordonn\u00e9es GPS :<\/strong><\/p>\n<p>50.419156\u00a0\u00a0 ,\u00a0\u00a0 4.805268<\/p>\n<p><a href=\"https:\/\/maps.google.be\/maps?q=50.419156,4.805268&amp;num=1&amp;t=h&amp;vpsrc=0&amp;hl=fr&amp;ie=UTF8&amp;ll=50.4192,4.805596&amp;spn=0.001921,0.005107&amp;z=18&amp;iwloc=A\"><img loading=\"lazy\" title=\"carte\" src=\"https:\/\/malonneomega.be\/wp-content\/uploads\/2012\/10\/carte1.jpg\" alt=\"\" width=\"641\" height=\"384\" \/><\/a><\/p>\n<p><strong>Situation g\u00e9ographique\u00a0:<\/strong><\/p>\n<p>A 10 Km de la gare de Namur. A 4 km des hauteurs de la citadelle de Namur.<\/p>\n<p>Situ\u00e9 sur la commune de Namur mais proche des communes de Floreffe, Fosses-la-Ville et Profondeville.<\/p>\n<p><strong>Acc\u00e8s\u00a0:<\/strong><\/p>\n<p><strong>\u00a0-En voiture\u00a0: <\/strong>autoroute E42 sortie 12 (Gembloux-la Bruy\u00e8re-Namur)<\/p>\n<p>Suivre\u00a0: Suarl\u00e9e\/Floreffe\/Malonne<\/p>\n<p>Une fois \u00e0 Floreffe (\u00e0 6 kms de la sortie d\u2019autoroute), la fabrique de confiture \u00ab\u00a0Materne Confilux\u00a0\u00bb est \u00e0 droite, passez les ponts et tourner aux feux \u00e0 gauche.<\/p>\n<p>Au 4eme rond-point, prendre la premi\u00e8re \u00e0 droite pour entrer dans le village de Malonne (rue Fond de Malonne). Rouler +- 2 km en traversant le village jusqu\u2019\u00e0 un rond point (Place du Malpas). Prendre la premi\u00e8re sortie au rond-point (rue Bourgmestre Fernand Colon).<\/p>\n<p>Monter cette rue sur 50 m\u00e8tres et au dessus de la c\u00f4te prendre la route \u00e0 droite qui descend durant 50 m\u00e8tres (rue rue du Vivier). Tourner \u00e0 droite et puis tr\u00e8s vite \u00e0 gauche (rue de Manst\u00e9e). Montez et restez toujours sur cette route (malgr\u00e9 les virages) jusqu\u2019\u00e0 apercevoir le CGO.<\/p>\n<p><strong>-Par Train-Bus<\/strong>\u00a0:<\/p>\n<p>Prendre un train qui s\u2019arr\u00eate en gare de Namur. Sortir sur le devant de la gare et se diriger vers la gare des bus qui est sur votre gauche.<\/p>\n<p><strong>Bus 6<\/strong>\u00a0: <strong><em>Namur-Mettet<\/em><\/strong> et s\u2019arr\u00eater \u00e0 <strong><em>Insepr\u00e9<\/em><\/strong> (7 minutes de marche \u00e0 plat jusqu\u2019au centre). A l\u2019arr\u00eat de bus, prendre la route d\u2019insepr\u00e9 et ne plus la quitter jusqu\u2019au centre CGO (rue en serpentins).<\/p>\n<p><strong>Bus <span style=\"text-decoration: line-through;\">6 <\/span>(6 barr\u00e9)<\/strong>\u00a0: <strong><em>Namur-Place<\/em><\/strong><em> du <strong>Malpas<\/strong><\/em> (10 minutes de marche assez raide). A la descente du bus, prendre la rue \u00ab\u00a0Bourgmestre Fernand Colon\u00a0\u00bb. Au dessus descendre la rue \u00ab\u00a0Du Vivier\u00a0\u00bb. Dans le fond de la rue du Vivier prendre \u00e0 droite puis tr\u00e8s vite \u00e0 gauche rue \u00ab\u00a0 de Manst\u00e9e\u00a0\u00bb. Tout au dessus de la rue continuer tout droit dans la route d\u2019Insepr\u00e9 jusqu\u2019\u00e0 arriver au CGO.<\/p>\n","protected":false},"excerpt":{"rendered":"<p>Adresse : 91 route d\u2019 Insepr\u00e9\u00a0\u00a0 &#8211;\u00a0\u00a0 5020 Malonne Coordonn\u00e9es GPS : 50.419156\u00a0\u00a0 ,\u00a0\u00a0 4.805268 Situation g\u00e9ographique\u00a0: A 10 Km de la gare de Namur. A 4 km des hauteurs de la citadelle de Namur. Situ\u00e9 sur la commune de &hellip; <a href=\"https:\/\/malonneomega.be\/?page_id=6\">Continuer la lecture <span class=\"meta-nav\">&rarr;<\/span><\/a><\/p>\n","protected":false},"author":1,"featured_media":0,"parent":0,"menu_order":0,"comment_status":"closed","ping_status":"open","template":"","meta":[],"_links":{"self":[{"href":"https:\/\/malonneomega.be\/index.php?rest_route=\/wp\/v2\/pages\/6"}],"collection":[{"href":"https:\/\/malonneomega.be\/index.php?rest_route=\/wp\/v2\/pages"}],"about":[{"href":"https:\/\/malonneomega.be\/index.php?rest_route=\/wp\/v2\/types\/page"}],"author":[{"embeddable":true,"href":"https:\/\/malonneomega.be\/index.php?rest_route=\/wp\/v2\/users\/1"}],"replies":[{"embeddable":true,"href":"https:\/\/malonneomega.be\/index.php?rest_route=%2Fwp%2Fv2%2Fcomments&post=6"}],"version-history":[{"count":1,"href":"https:\/\/malonneomega.be\/index.php?rest_route=\/wp\/v2\/pages\/6\/revisions"}],"predecessor-version":[{"id":493,"href":"https:\/\/malonneomega.be\/index.php?rest_route=\/wp\/v2\/pages\/6\/revisions\/493"}],"wp:attachment":[{"href":"https:\/\/malonneomega.be\/index.php?rest_route=%2Fwp%2Fv2%2Fmedia&parent=6"}],"curies":[{"name":"wp","href":"https:\/\/api.w.org\/{rel}","templated":true}]}}