{"id":441,"date":"2017-04-01T18:43:52","date_gmt":"2017-04-01T17:43:52","guid":{"rendered":"http:\/\/virtu.malonneomega.be\/?page_id=441"},"modified":"2024-01-25T10:20:33","modified_gmt":"2024-01-25T09:20:33","slug":"test-reservation","status":"publish","type":"page","link":"https:\/\/malonneomega.be\/?page_id=441","title":{"rendered":"R\u00e9servation en ligne"},"content":{"rendered":"<p><strong>!! Attention !!\u00a0 <\/strong>Le centre a \u00e9t\u00e9 r\u00e9am\u00e9nag\u00e9 suite \u00e0 l\u2019installation de la base missionnaire <em>Jesus Revolution Belgium<\/em>.<\/p>\n<p><strong>Les locations ne sont possibles d\u00e9sormais qu&rsquo;en Juillet et en Ao\u00fbt, pour les camps d&rsquo;\u00e9t\u00e9 !<\/strong><\/p>\n<p>La quantit\u00e9 de lits disponibles est un peu r\u00e9duite de 30 \u00e0 maximum 27 couchages.<\/p>\n<ul>\n<li>20 couchages\n<ul>\n<li>2 lits simples dans la chambre 1<\/li>\n<li>1 lit superpos\u00e9 et 1 lit simple dans les 6 autres chambres<\/li>\n<\/ul>\n<\/li>\n<li>+ 1 matelat au sol par chambre sera autoris\u00e9\u00a0 (les matelas sont disponibles sur place)<\/li>\n<\/ul>\n <div id=\"form_id543914634024\"  class=\"wpbc_container wpbc_form wpbc_container_booking_form  wpdevelop \" ><form  id=\"booking_form1\"   class=\"booking_form vertical\" method=\"post\" action=\"\"><div id=\"ajax_respond_insert1\" class=\"ajax_respond_insert\" style=\"display:none;\"><\/div><a name=\"bklnk1\" id=\"bklnk1\"><\/a><div id=\"booking_form_div1\" class=\"booking_form_div\"><style type=\"text\/css\">.wpbc_container_booking_form .block_hints, .wpbc_booking_form_simple.wpbc_form_center .wpbc__form__div .wpbc__row.wpbc_r_calendar,  .wpbc_booking_form_simple .wpbc__form__div .wpbc__row:not(.wpbc_r_calendar){max-width:;} <\/style>\n<div class=\"wpbc_booking_form_simple \">\n    <div class=\"wpbc__form__div\">\n\t<div class=\"wpbc_r_calendar wpbc__row\">\n      <div class=\"wpbc_r_calendar wpbc__field\"> <div class=\"wpbc_calendar_wraper wpbc_change_over_triangle wpbc_calendar_skin_legacy\"><div class=\"wpbc_cal_container bk_calendar_frame wpbc_no_custom_width  months_num_in_row_ cal_month_num_2 wpbc_timeslot_day_bg_as_available\" style=\"\"><div id=\"calendar_booking1\">Chargement du calendrier...<\/div><\/div><textarea id=\"date_booking1\" name=\"date_booking1\" autocomplete=\"off\" style=\"display:none;\"><\/textarea><div class=\"block_hints datepick \"><div class=\"wpdev_hint_with_text\"><div class=\"\"><div class=\"datepick-inline wpbc_calendar_legend_table_width_height\"><table class=\"datepick wpbc_calendar\" style=\"\"><tbody><tr><td class=\"datepick-days-cell date_available wpbc_calendar_legend_day_cell_height\"><div class=\"wpbc-cell-box\">\t<div class=\"date-cell-content\">\t\t<div class=\"date-content-top\"><\/div>\t\t<a>29<\/a>\t\t<div class=\"date-content-bottom\"><\/div>\t<\/div><\/div><\/td><\/tr><\/tbody><\/table><\/div><\/div><div class=\"block_text\">- <\/div><div class=\"block_text\">Disponible<\/div><\/div><div class=\"wpdev_hint_with_text\"><div class=\"\"><div class=\"datepick-inline wpbc_calendar_legend_table_width_height\"><table class=\"datepick wpbc_calendar\" style=\"\"><tbody><tr><td class=\"datepick-days-cell datepick-unselectable date_user_unavailable full_day_booking date_approved wpbc_calendar_legend_day_cell_height\"><div class=\"wpbc-cell-box\">\t<div class=\"date-cell-content\">\t\t<div class=\"date-content-top\"><\/div>\t\t<span>29<\/span>\t\t<div class=\"date-content-bottom\"><\/div>\t<\/div><\/div><\/td><\/tr><\/tbody><\/table><\/div><\/div><div class=\"block_text\">- <\/div><div class=\"block_text\">R\u00e9serv\u00e9<\/div><\/div><div class=\"wpdev_hint_with_text\"><div class=\"\"><div class=\"datepick-inline wpbc_calendar_legend_table_width_height\"><table class=\"datepick wpbc_calendar\" style=\"\"><tbody><tr><td class=\"datepick-days-cell datepick-unselectable date_user_unavailable full_day_booking date2approve wpbc_calendar_legend_day_cell_height\"><div class=\"wpbc-cell-box\">\t<div class=\"date-cell-content\">\t\t<div class=\"date-content-top\"><\/div>\t\t<span>29<\/span>\t\t<div class=\"date-content-bottom\"><\/div>\t<\/div><\/div><\/td><\/tr><\/tbody><\/table><\/div><\/div><div class=\"block_text\">- <\/div><div class=\"block_text\">En attente<\/div><\/div><\/div><\/div><\/div>\n\t<\/div>\n\t<div class=\"wpbc__row\">\n      <div class=\"wpbc_r_name wpbc__field\">  <label for=\"name1\">Votre nom*<\/label><br>   <input type=\"text\" name=\"name1\" id=\"name1\" class=\"input-xlarge wpdev-validates-as-required\" \/><\/div>\n\t<\/div>\n\t<div class=\"wpbc__row\">\n      <div class=\"wpbc_r_secondname wpbc__field\">  <label for=\"secondname1\">Votre pr\u00e9nom*<\/label><br>   <input type=\"text\" name=\"secondname1\" id=\"secondname1\" class=\"input-xlarge wpdev-validates-as-required\" \/><\/div>\n\t<\/div>\n\t<div class=\"wpbc__row\">\n      <div class=\"wpbc_r_email wpbc__field\">  <label for=\"email1\">Votre Email*<\/label><br>   <input type=\"email\" name=\"email1\" id=\"email1\" class=\"input-xlarge wpdev-validates-as-email wpdev-validates-as-required wpdev-validates-as-required\" \/><\/div>\n\t<\/div>\n\t<div class=\"wpbc__row\">\n      <div class=\"wpbc_r_phone wpbc__field\">  <label for=\"phone1\">Votre t\u00e9l\u00e9phone*<\/label><br>   <input type=\"text\" name=\"phone1\" id=\"phone1\" class=\"input-xlarge wpdev-validates-as-required\" \/><\/div>\n\t<\/div>\n\t<div class=\"wpbc__row\">\n      <div class=\"wpbc_r_nomdelvnement wpbc__field\">  <label for=\"nomdelvnement1\">Nom de l'\u00e9v\u00e9nement*<\/label><br>   <input type=\"text\" name=\"nomdelvnement1\" id=\"nomdelvnement1\" class=\"input-xlarge wpdev-validates-as-required\" \/><\/div>\n\t<\/div>\n\t<div class=\"wpbc__row\">\n      <div class=\"wpbc_r_votrenumrodecomptepourleremboursementdevotrecaution wpbc__field\">  <label for=\"votrenumrodecomptepourleremboursementdevotrecaution1\">Votre num\u00e9ro de compte <span style=\"font-size: small;font-weight: lighter\"><em>(pour le remboursement de votre caution) <\/em><\/span><\/label><br>   <input type=\"text\" name=\"votrenumrodecomptepourleremboursementdevotrecaution1\" id=\"votrenumrodecomptepourleremboursementdevotrecaution1\" class=\"input-xlarge\" \/><\/div>\n\t<\/div>\n\t<div class=\"wpbc__row\">\n      <div class=\"wpbc_r_typedvnement wpbc__field\">     <label for=\"typedvnement1\" class=\"control-label\" style=\"display: inline-block;\">   <input type=\"checkbox\" name=\"typedvnement1\" id=\"typedvnement1\" class=\"wpdev-checkbox \" style=\"margin:0 0.25em 3px;\" value=\"true\"  value=\"Ev\u00e9nement priv\u00e9 &lt;span style=&quot;font-size: small;font-weight: lighter&quot;&gt;&lt;em&gt;(F\u00eate, anniversaire, ...) - Max 65 personnes dans la salle&lt;\/em&gt;&lt;\/span&gt;\" \/>&nbsp;Ev\u00e9nement priv\u00e9 <span style=\"font-size: small;font-weight: lighter\"><em>(F\u00eate, anniversaire, ...) - Max 65 personnes dans la salle<\/em><\/span><\/label><\/div>\n\t<\/div>\n\t<div class=\"wpbc__row\">\n      <div class=\"wpbc_r_evnementglise wpbc__field\">     <label for=\"evnementglise1\" class=\"control-label\" style=\"display: inline-block;\">   <input type=\"checkbox\" name=\"evnementglise1\" id=\"evnementglise1\" class=\"wpdev-checkbox \" style=\"margin:0 0.25em 3px;\" value=\"true\"  value=\"Ev\u00e9nement \u00e9glise &lt;span style=&quot;font-size: small;font-weight: lighter&quot;&gt;&lt;em&gt;(Camp, retraite spirituelle, ...) - [autorisation de votre pasteur indispensable]&lt;\/em&gt;&lt;\/span&gt;\" \/>&nbsp;Ev\u00e9nement \u00e9glise <span style=\"font-size: small;font-weight: lighter\"><em>(Camp, retraite spirituelle, ...) - [autorisation de votre pasteur indispensable]<\/em><\/span><\/label><\/div>\n\t<\/div>\n\t<div class=\"wpbc__row\">\n      <div class=\"wpbc_r_nomprnomduresponsable wpbc__field\">  <label for=\"nomprnomduresponsable1\">Nom du responsable ou de la communaut\u00e9<\/label><br>   <input type=\"text\" name=\"nomprnomduresponsable1\" id=\"nomprnomduresponsable1\" class=\"input-xlarge\" \/><\/div>\n\t<\/div>\n\t<div class=\"wpbc__row\">\n      <div class=\"wpbc_r_visitors wpbc__field\">  <label for=\"visitors1\">Nombre de participants passant la nuit (estimation) - <span style=\"font-size: small;font-weight: lighter\"><em>Max 30 personnes <\/em><\/span><\/label><br>   <select name=\"visitors1\" id=\"visitors1\" class=\"input-xlarge\" >  <option value=\"1\" >1<\/option>  <option value=\"2\" >2<\/option>  <option value=\"3\" >3<\/option>  <option value=\"4\" >4<\/option>  <option value=\"5\" >5<\/option>  <option value=\"6\" >6<\/option>  <option value=\"7\" >7<\/option>  <option value=\"8\" >8<\/option>  <option value=\"9\" >9<\/option>  <option value=\"10\" >10<\/option>  <option value=\"11\" >11<\/option>  <option value=\"12\" >12<\/option>  <option value=\"13\" >13<\/option>  <option value=\"14\" >14<\/option>  <option value=\"15\" >15<\/option>  <option value=\"16\" >16<\/option>  <option value=\"17\" >17<\/option>  <option value=\"18\" >18<\/option>  <option value=\"19\" >19<\/option>  <option value=\"20\" >20<\/option>  <option value=\"21\" >21<\/option>  <option value=\"22\" >22<\/option>  <option value=\"23\" >23<\/option>  <option value=\"24\" >24<\/option>  <option value=\"25\" >25<\/option>  <option value=\"26\" >26<\/option>  <option value=\"27\" >27<\/option>  <option value=\"28\" >28<\/option>  <option value=\"29\" >29<\/option>  <option value=\"30\" >30<\/option>     <\/select><\/div>\n\t<\/div>\n\t<div class=\"wpbc__row\">\n      <div class=\"wpbc_r_packmultimdia wpbc__field\">     <label for=\"packmultimdia1\" class=\"control-label\" style=\"display: inline-block;\">   <input type=\"checkbox\" name=\"packmultimdia1\" id=\"packmultimdia1\" class=\"wpdev-checkbox \" style=\"margin:0 0.25em 3px;\" value=\"true\"  value=\"Pack Multim\u00e9dia &lt;span style=&quot;font-size: x-small;font-weight: lighter&quot;&gt;&lt;em&gt;(Petite table mix, 2 HP, 2 micros, 1 pied, 1 pupitre, vid\u00e9oprojecteur, toile &amp; c\u00e2bles)&lt;\/em&gt;&lt;\/span&gt;\" \/>&nbsp;Pack Multim\u00e9dia <span style=\"font-size: x-small;font-weight: lighter\"><em>(Petite table mix, 2 HP, 2 micros, 1 pied, 1 pupitre, vid\u00e9oprojecteur, toile &amp; c\u00e2bles)<\/em><\/span><\/label><\/div>\n\t<\/div>\n\t<div class=\"wpbc__row\">\n      <div class=\"wpbc_r_packeasy wpbc__field\">  <label for=\"packeasy1\">Pack Easy <span style=\"font-size: x-small;font-weight: lighter\"><em>(10 ess. vaisselle, 2 ess. mains, 1 lavette, 2 \u00e9ponges, Produit vaisselle, 8 papiers wc, 8 pastilles lave-vaisselle, 2 pousses mousse, 10 filtres \u00e0 caf\u00e9, 1 allume gaz)  <\/em><\/span><\/label><br>   <select name=\"packeasy1\" id=\"packeasy1\" class=\"input-xlarge\" >  <option value=\"0\" >0<\/option>  <option value=\"1\" >1<\/option>  <option value=\"2\" >2<\/option>  <option value=\"3\" >3<\/option>  <option value=\"4\" >4<\/option>  <option value=\"5\" >5<\/option>     <\/select><\/div>\n\t<\/div>\n\t<div class=\"wpbc__row\">\n      <div class=\"wpbc_r_details wpbc__field\">  <label for=\"details1\">Commentaires\/Questions<\/label><br>   <textarea  rows=\"3\" name=\"details1\" id=\"details1\" class=\"input-xlarge\" ><\/textarea><\/div>\n\t<\/div>\n\t<div class=\"wpbc__row\">\n      <div class=\"wpbc_r_captcha wpbc__field\"> <span class=\"wpbc_text_captcha_container wpdev-form-control-wrap \"><input  autocomplete=\"off\" type=\"hidden\" name=\"wpdev_captcha_challenge_1\"  id=\"wpdev_captcha_challenge_1\" value=\"2527192828\" \/><input  autocomplete=\"off\" type=\"text\" class=\"captachinput\" value=\"\" name=\"captcha_input1\" id=\"captcha_input1\" \/><img class=\"captcha_img\"  id=\"captcha_img1\" alt=\"To show CAPTCHA, please deactivate cache plugin or exclude this page from caching or disable CAPTCHA at WP Booking Calendar - Settings General page in Form Options section.\" src=\"https:\/\/malonneomega.be\/wp-content\/plugins\/booking\/js\/captcha\/tmp\/2527192828.png\" \/><\/span><\/div>\n\t<\/div>\n\t<div class=\"wpbc__row\">\n      <div class=\"wpbc_r_submit wpbc__field\"> <button class=\"wpbc_button_light\" type=\"button\" onclick=\"mybooking_submit(this.form,1,'fr_FR');\" >Envoyer<\/button>\n<\/div>\n\t<\/div>\n    <\/div>\n<\/div><input id=\"bk_type1\" name=\"bk_type1\" class=\"\" type=\"hidden\" value=\"1\" \/><\/div><div id=\"submiting1\"><\/div><div class=\"form_bk_messages\" id=\"form_bk_messages1\" ><\/div><input type=\"hidden\" id=\"wpbc_nonceCALCULATE_THE_COST1\" name=\"wpbc_nonceCALCULATE_THE_COST1\" value=\"779d459404\" \/><input type=\"hidden\" name=\"_wp_http_referer\" value=\"\/index.php?rest_route=%2Fwp%2Fv2%2Fpages%2F441\" \/><\/form><\/div><div id=\"booking_form_garbage1\" class=\"booking_form_garbage\"><\/div><script type=\"text\/javascript\"> (function() { var a = setInterval( function() {  if ( ( 'undefined' === typeof _wpbc ) || ( 'undefined' === typeof jQuery ) || ! window.jQuery ) { return; } clearInterval( a ); jQuery( document ).ready( function (){ jQuery(\".widget_wpdev_booking .booking_form.form-horizontal\").removeClass(\"form-horizontal\");\n                                    var visible_calendars_count = _wpbc.get_other_param( \"calendars__on_this_page\" ).length;\n                                    if (visible_calendars_count !== null ) {\n                                        for (var i=0;i< visible_calendars_count ;i++){\n                                          if ( _wpbc.get_other_param( \"calendars__on_this_page\" )[i] === 1 ) {\n                                              document.getElementById(\"form_id543914634024\").innerHTML = \"<span style='color:#A00;font-size:10px;'>Warning! Booking calendar for this booking resource are already at the page, please check more about this issue at this page: https:\/\/wpbookingcalendar.com\/faq\/why-the-booking-calendar-widget-not-show-on-page\/<\/span>\";                                                                                                  \n                                              jQuery(\"#form_id543914634024\").animate( {opacity: 1}, 10000 ).fadeOut(5000);\n                                              return;\n                                          }\n                                        }\n                                        _wpbc.get_other_param( \"calendars__on_this_page\" )[ visible_calendars_count ]=1;\n                                    } } ); }, 500 ); })();<\/script> <script type=\"text\/javascript\"> (function() { var a = setInterval( function() {  if ( ( 'undefined' === typeof _wpbc ) || ( 'undefined' === typeof jQuery ) || ! window.jQuery ) { return; } clearInterval( a ); jQuery( document ).ready( function (){ _wpbc.balancer__set_max_threads( 1 );  _wpbc.calendar__set_param_value( 1 , 'calendar_scroll_to' , [ 2017,4 ] );  _wpbc.calendar__set_param_value( 1 , 'booking_max_monthes_in_calendar' , '1y' );  _wpbc.calendar__set_param_value( 1 , 'booking_start_day_weeek' , '1' );  _wpbc.calendar__set_param_value( 1 , 'calendar_number_of_months' , '2' );   _wpbc.calendar__set_param_value( 1, 'days_select_mode', 'multiple' );   _wpbc.calendar__set_param_value( 1, 'fixed__days_num', 0 );   _wpbc.calendar__set_param_value( 1, 'fixed__week_days__start',   [] );   _wpbc.calendar__set_param_value( 1, 'dynamic__days_min', 0 );   _wpbc.calendar__set_param_value( 1, 'dynamic__days_max', 0 );   _wpbc.calendar__set_param_value( 1, 'dynamic__days_specific',    [] );   _wpbc.calendar__set_param_value( 1, 'dynamic__week_days__start', [] );   _wpbc.calendar__set_param_value( 1, 'booking_date_format', 'j F Y' );   _wpbc.calendar__set_param_value( 1, 'booking_time_format', '' );   if ( 'function' === typeof ( wpbc__conditions__SAVE_INITIAL__days_selection_params__bm ) ){ wpbc__conditions__SAVE_INITIAL__days_selection_params__bm( 1 ); }   wpbc_calendar_show( '1' );   _wpbc.set_secure_param( 'nonce',   '5b41e496b0' );   _wpbc.set_secure_param( 'user_id', '0' );   _wpbc.set_secure_param( 'locale',  'fr_FR' );  wpbc_calendar__load_data__ajx( {\"resource_id\":1,\"booking_hash\":\"\",\"request_uri\":\"\\\/index.php?rest_route=wpv2pages441\",\"custom_form\":\"standard\",\"aggregate_resource_id_str\":\"\",\"aggregate_type\":\"all\"} ); } ); }, 500 ); })();<\/script>\n","protected":false},"excerpt":{"rendered":"<p>!! Attention !!\u00a0 Le centre a \u00e9t\u00e9 r\u00e9am\u00e9nag\u00e9 suite \u00e0 l\u2019installation de la base missionnaire Jesus Revolution Belgium. Les locations ne sont possibles d\u00e9sormais qu&rsquo;en Juillet et en Ao\u00fbt, pour les camps d&rsquo;\u00e9t\u00e9 ! La quantit\u00e9 de lits disponibles est &hellip; <a href=\"https:\/\/malonneomega.be\/?page_id=441\">Continuer la lecture <span class=\"meta-nav\">&rarr;<\/span><\/a><\/p>\n","protected":false},"author":7,"featured_media":0,"parent":0,"menu_order":0,"comment_status":"closed","ping_status":"closed","template":"","meta":[],"_links":{"self":[{"href":"https:\/\/malonneomega.be\/index.php?rest_route=\/wp\/v2\/pages\/441"}],"collection":[{"href":"https:\/\/malonneomega.be\/index.php?rest_route=\/wp\/v2\/pages"}],"about":[{"href":"https:\/\/malonneomega.be\/index.php?rest_route=\/wp\/v2\/types\/page"}],"author":[{"embeddable":true,"href":"https:\/\/malonneomega.be\/index.php?rest_route=\/wp\/v2\/users\/7"}],"replies":[{"embeddable":true,"href":"https:\/\/malonneomega.be\/index.php?rest_route=%2Fwp%2Fv2%2Fcomments&post=441"}],"version-history":[{"count":11,"href":"https:\/\/malonneomega.be\/index.php?rest_route=\/wp\/v2\/pages\/441\/revisions"}],"predecessor-version":[{"id":571,"href":"https:\/\/malonneomega.be\/index.php?rest_route=\/wp\/v2\/pages\/441\/revisions\/571"}],"wp:attachment":[{"href":"https:\/\/malonneomega.be\/index.php?rest_route=%2Fwp%2Fv2%2Fmedia&parent=441"}],"curies":[{"name":"wp","href":"https:\/\/api.w.org\/{rel}","templated":true}]}}