{"id":319,"date":"2016-03-04T18:08:47","date_gmt":"2016-03-04T17:08:47","guid":{"rendered":"http:\/\/virtu.malonneomega.be\/?page_id=319"},"modified":"2016-04-04T21:59:35","modified_gmt":"2016-04-04T20:59:35","slug":"quelques-adresses","status":"publish","type":"page","link":"https:\/\/malonneomega.be\/?page_id=319","title":{"rendered":"Quelques adresses"},"content":{"rendered":"<p style=\"text-align: justify;\">Vous pouvez \u00e9galement vous renseigner aupr\u00e8s des \u00ab\u00a0 <a href=\"https:\/\/malonneomega.be\/?page_id=20\" target=\"_blank\">maisons du tourisme\u00a0<\/a>\u00bb proches afin de recevoir d\u2019autres id\u00e9es et informations pour votre s\u00e9jour.<br \/>\n<span style=\"text-decoration: underline;\"><strong>Dans un rayon de 10 \u00e0 15 km<\/strong><\/span><br \/>\n<span style=\"text-decoration: underline;\">Parc attractif Reine Fabiola<\/span>\u00a0(possibilit\u00e9 de s\u2019y rendre \u00e0 pied)\u00a0<a href=\"http:\/\/www.parf.be\" target=\"_blank\">www.parf.be<\/a><br \/>\n<span style=\"text-decoration: underline;\">Pirouette<\/span> (Centre attractif\u00a0couvert\u00a0pour enfants) \u00a0<a href=\"http:\/\/www.pirouette.be\/contact\" target=\"_blank\">www.pirouette.be<\/a><br \/>\n<span style=\"text-decoration: underline;\">La Folie Douce<\/span> (Centre attractif\u00a0couvert\u00a0pour enfants)\u00a0 \u00a0\u00a0<a href=\"http:\/\/www.lafoliedouce.eu\" target=\"_blank\">\u00a0www.lafoliedouce.eu<\/a><br \/>\n<span style=\"text-decoration: underline;\">Bowling\u00a0<\/span>Rue des Glaces Nationales \u00a05060 Auvelais\u00a0T\u00e9l\u00a0: 32(0)71.77.75.46<br \/>\n<span style=\"text-decoration: underline;\">Lac de Bambois\u00a0<\/span>\u00a0(Ballade et plan d\u2019eau) \u00a0<a href=\"http:\/\/www.lacdebambois.be\" target=\"_blank\">www.lacdebambois.be<\/a><br \/>\n<span style=\"text-decoration: underline;\">Alpinisme-Escalade<\/span>\u00a0Avenue Charles de Gaule 6\u00a0\u00a0\u00a0\u00a0 5150 Floreffe<br \/>\nT\u00e9l\u00a0: 32(0)81.4512.31\u00a0\u00a0\u00a0 Gsm\u00a0: 32(0)475.77.28.47<br \/>\n<span style=\"text-decoration: underline;\">Karting \u00a0<\/span>John Martin\u2019s Karting \u00a0\u00a0<a href=\"http:\/\/www.jmkarting.com\" target=\"_blank\">www.jmkarting.com<\/a><br \/>\n<span style=\"text-decoration: underline;\">Sp\u00e9l\u00e9ologie<\/span> \u00a0Vincent Detraux \u00a0Rue Celestin Thiry 21B\u00a0\u00a0\u00a0\u00a0 5150 Floreffe\u00a0T\u00e9l:32(0)485.38.06.10<br \/>\n<span style=\"text-decoration: underline;\">Paint Ball<\/span> \u00a0\u00a0<a href=\"http:\/\/www.ultragame.be\" target=\"_blank\">www.ultragame.be<\/a><br \/>\n<span style=\"text-decoration: underline;\">Paramoteur<\/span> (bapt\u00e8mes de l\u2019air\u00a0Flying Team\u00a0<a href=\"http:\/\/www.flyingteam.net\" target=\"_blank\">www.flyingteam.net<\/a><br \/>\n<span style=\"text-decoration: underline;\">Saut en parachute<\/span>\u00a0\u00a0<a href=\"http:\/\/www.paraclubnamur.com\" target=\"_blank\">www.paraclubnamur.com<\/a><br \/>\n<span style=\"text-decoration: underline;\">Location v\u00e9lo<\/span>\u00a0Office du Tourisme de Profondevile<br \/>\nChauss\u00e9e de Namur,2\u00a0\u00a0\u00a0\u00a0 Profondeville<br \/>\n32(0)81.41.18.89\u00a0\u00a0\u00a0\u00a0 32(0)81.42.02.37<\/p>\n<p style=\"text-align: justify;\"><span style=\"text-decoration: underline;\"><strong>A plus de 15 Km<\/strong><\/span><br \/>\n<span style=\"text-decoration: underline;\">Location de Quad<\/span> ( permis B) \u00a0<a href=\"http:\/\/www.ps-aventure.be\" target=\"_blank\">www.ps-aventure.be<\/a><br \/>\n-ULM\u00a0Les Houssi\u00e8res \u00a0<a href=\"http:\/\/www.ulmmaillen.be\" target=\"_blank\">www.ulmmaillen.be<\/a><br \/>\n<span style=\"text-decoration: underline;\">Equitation<\/span><br \/>\n\u25aaLes \u00e9curies d\u2019Yvoy\u00a0<a href=\"http:\/\/www.les-ecuries-d-ivoy.com\" target=\"_blank\">www.les-ecuries-d-ivoy.com<\/a><br \/>\n\u25aa GrandCorral \u00a0<a href=\"http:\/\/www.grandcorral.be\">www.grandcorral.be<\/a><br \/>\n\u25aa Poney-Club Chez Aurore\u00a0Rue Lef\u00e8vre,1\u00a0\u00a0\u00a0 5380 Hingeon<br \/>\n32(0)477.36.18.85<br \/>\n<span style=\"text-decoration: underline;\"><strong>Aventure et Frisson<\/strong><\/span><br \/>\n\u25aa Dinant Aventure\u00a0<a href=\"http:\/\/www.dinantaventure.be\" target=\"_blank\">www.dinantaventure.be<\/a><br \/>\n\u25aa Durbuy Adventure\u00a0<a href=\"http:\/\/www.durbuyadventure.be\" target=\"_blank\">www.durbuyadventure.be<\/a><br \/>\n\u25aa Natura Parc <a href=\"http:\/\/www.naturaparc.be\" target=\"_blank\">\u00a0www.naturaparc.be<\/a><br \/>\n<span style=\"text-decoration: underline;\"><strong>Descente de rivi\u00e8res<\/strong><\/span><br \/>\n\u25aa Descente de la Lesse (Les kayaks bleus) \u00a0<a href=\"http:\/\/www.lessekayaks.be\" target=\"_blank\">www.lessekayaks.be<\/a><br \/>\n\u25aa Descente de la Lesse (les kayaks rouges)\u00a0<a href=\"http:\/\/www.lessekayaks.be\" target=\"_blank\">www.lessekayaks.be<\/a><br \/>\n<span style=\"text-decoration: underline;\"><strong>Autres<\/strong><\/span><br \/>\nLes draisines de la Molign\u00e9e \u00a0<a href=\"http:\/\/www.draisine.be\" target=\"_blank\">www.draisine.be<\/a><br \/>\nBateaux sans permis\u00a0<a href=\"http:\/\/www.lessekayaks.be\" target=\"_blank\">www.lessekayaks.be<\/a><br \/>\nCentre r\u00e9cr\u00e9atif\u00a0<a href=\"http:\/\/www.recrealle.com\" target=\"_blank\">www.recrealle.com<\/a><br \/>\nDomaine Provincial de Chevetogne\u00a0<a href=\"http:\/\/www.domainedechevetogne.be\" target=\"_blank\">www.domainedechevetogne.be<\/a><br \/>\nLes lacs de l\u2019Eau d\u2019heure\u00a0\u00a0<a href=\"http:\/\/www.lacsdeleaudheure.be\" target=\"_blank\">www.lacsdeleaudheure.be<\/a><br \/>\nAquacentre (proche de \u00ab\u00a0natura parc\u00a0\u00bb et lacs de l\u2019Eau d\u2019Heure)\u00a0<a href=\"http:\/\/www.vert-marine.com\" target=\"_blank\">www.vert-marine.com<\/a><br \/>\nKarting des Fagnes\u00a0<a href=\"http:\/\/www.kartingdesfagnes.com\" target=\"_blank\">www.kartingdesfagnes.com<\/a><br \/>\nPiscine ext\u00e9rieure (juin \u00e0 septembre)<br \/>\n\u00ab\u00a0La Pachy\u00a0\u00bb\u00a0Rue du grand Etang, 11 \u00a05060 Fosses-la-Ville \u00a0 T\u00e9l\u00a0: 32(0)71.71.20.38<br \/>\nPiscines couvertes + Halls de sport<br \/>\n\u25aa Commune de Namur<br \/>\nHall de sport avec la possibilit\u00e9 de s\u2019y rendre \u00e0 pieds depuis le CGO\u00a0:<br \/>\n-Le Champ HA<br \/>\n-Le Hall Saint-Berthuin.<br \/>\nUn seul appel \u00e0 l\u2019administrateur g\u00e9n\u00e9ral\u00a0sur Namur:<br \/>\nMonsieur Edmond Noizet 081\/24.87.14\u00a0<a href=\"http:\/\/www.ville.namur.be\/page.asp?langue=FR&amp;id=1036&amp;+=OK\" target=\"_blank\">www.ville.namur.be<\/a>\u00a0(fond de page\u00a0: \u00ab\u00a0sport\u00a0\u00bb)<br \/>\n\u25aa Commune de Jemeppe-sur-Sambre<br \/>\nPiscine communale\u00a0: 071.78.88.80<br \/>\nPiscine Solvay\u00a0: 071.78.71.11<br \/>\nHall de sport + Beach volley+Tennis\u00a0: 071.78.80.27<br \/>\n\u25aa Commune de Fosses-la-Ville<br \/>\nHall de sport\u00a0: 071.71.31.90<br \/>\n\u25aa Commune de Sambreville<br \/>\nHall de sport et piscine\u00a0: contact \u00e0 l\u2019administration communale\u00a0: 071.26.02.55<\/p>\n","protected":false},"excerpt":{"rendered":"<p>Vous pouvez \u00e9galement vous renseigner aupr\u00e8s des \u00ab\u00a0 maisons du tourisme\u00a0\u00bb proches afin de recevoir d\u2019autres id\u00e9es et informations pour votre s\u00e9jour. Dans un rayon de 10 \u00e0 15 km Parc attractif Reine Fabiola\u00a0(possibilit\u00e9 de s\u2019y rendre \u00e0 pied)\u00a0www.parf.be Pirouette &hellip; <a href=\"https:\/\/malonneomega.be\/?page_id=319\">Continuer la lecture <span class=\"meta-nav\">&rarr;<\/span><\/a><\/p>\n","protected":false},"author":8,"featured_media":0,"parent":0,"menu_order":0,"comment_status":"closed","ping_status":"closed","template":"","meta":[],"_links":{"self":[{"href":"https:\/\/malonneomega.be\/index.php?rest_route=\/wp\/v2\/pages\/319"}],"collection":[{"href":"https:\/\/malonneomega.be\/index.php?rest_route=\/wp\/v2\/pages"}],"about":[{"href":"https:\/\/malonneomega.be\/index.php?rest_route=\/wp\/v2\/types\/page"}],"author":[{"embeddable":true,"href":"https:\/\/malonneomega.be\/index.php?rest_route=\/wp\/v2\/users\/8"}],"replies":[{"embeddable":true,"href":"https:\/\/malonneomega.be\/index.php?rest_route=%2Fwp%2Fv2%2Fcomments&post=319"}],"version-history":[{"count":1,"href":"https:\/\/malonneomega.be\/index.php?rest_route=\/wp\/v2\/pages\/319\/revisions"}],"predecessor-version":[{"id":402,"href":"https:\/\/malonneomega.be\/index.php?rest_route=\/wp\/v2\/pages\/319\/revisions\/402"}],"wp:attachment":[{"href":"https:\/\/malonneomega.be\/index.php?rest_route=%2Fwp%2Fv2%2Fmedia&parent=319"}],"curies":[{"name":"wp","href":"https:\/\/api.w.org\/{rel}","templated":true}]}}