{"id":18,"date":"2012-10-05T16:10:54","date_gmt":"2012-10-05T15:10:54","guid":{"rendered":"http:\/\/malonneomega.be\/?page_id=18"},"modified":"2025-02-25T20:52:17","modified_gmt":"2025-02-25T19:52:17","slug":"reglement","status":"publish","type":"page","link":"https:\/\/malonneomega.be\/?page_id=18","title":{"rendered":"Documents \u00e0 t\u00e9l\u00e9charger"},"content":{"rendered":"<p><a href=\"https:\/\/malonneomega.be\/wp-content\/uploads\/2016\/04\/REGLEMENT_DE_LOCATION_DU_CENTRE_GENERATION_OMEGA_05032016.pdf\">R\u00e8glement de location<\/a><\/p>\n<p><a href=\"https:\/\/malonneomega.be\/wp-content\/uploads\/2025\/02\/Contrat-de-location-CGO_25022025_SiteInternet.pdf\" target=\"_blank\" rel=\"noopener\">Contrat de location<\/a><\/p>\n<div id=\"sconnect-is-installed\" style=\"display: none;\">2.15.0.0<\/div>\n","protected":false},"excerpt":{"rendered":"<p>R\u00e8glement de location Contrat de location 2.15.0.0<\/p>\n","protected":false},"author":1,"featured_media":0,"parent":0,"menu_order":0,"comment_status":"closed","ping_status":"open","template":"","meta":[],"_links":{"self":[{"href":"https:\/\/malonneomega.be\/index.php?rest_route=\/wp\/v2\/pages\/18"}],"collection":[{"href":"https:\/\/malonneomega.be\/index.php?rest_route=\/wp\/v2\/pages"}],"about":[{"href":"https:\/\/malonneomega.be\/index.php?rest_route=\/wp\/v2\/types\/page"}],"author":[{"embeddable":true,"href":"https:\/\/malonneomega.be\/index.php?rest_route=\/wp\/v2\/users\/1"}],"replies":[{"embeddable":true,"href":"https:\/\/malonneomega.be\/index.php?rest_route=%2Fwp%2Fv2%2Fcomments&post=18"}],"version-history":[{"count":17,"href":"https:\/\/malonneomega.be\/index.php?rest_route=\/wp\/v2\/pages\/18\/revisions"}],"predecessor-version":[{"id":602,"href":"https:\/\/malonneomega.be\/index.php?rest_route=\/wp\/v2\/pages\/18\/revisions\/602"}],"wp:attachment":[{"href":"https:\/\/malonneomega.be\/index.php?rest_route=%2Fwp%2Fv2%2Fmedia&parent=18"}],"curies":[{"name":"wp","href":"https:\/\/api.w.org\/{rel}","templated":true}]}}