{"id":12,"date":"2012-10-05T16:09:59","date_gmt":"2012-10-05T15:09:59","guid":{"rendered":"http:\/\/malonneomega.be\/?page_id=12"},"modified":"2025-02-25T21:08:53","modified_gmt":"2025-02-25T20:08:53","slug":"tarifs","status":"publish","type":"page","link":"https:\/\/malonneomega.be\/?page_id=12","title":{"rendered":"Tarifs"},"content":{"rendered":"<p><strong><span style=\"text-decoration: underline;\">TYPE 1<\/span> : Ev\u00e9nements priv\u00e9s<\/strong><\/p>\n<p>Tarif \u00e0 la journ\u00e9e : 300\u20ac<br \/>\nTarif pour le week-end : 750\u20ac<br \/>\nNuit\u00e9es : 4\u20ac par personne et par nuit<br \/>\nFrais de fonctionnement : A d\u00e9terminer apr\u00e8s le relev\u00e9 des compteurs.<br \/>\nFrais de nettoyage (obligatoire)\u00a0: 60\u20ac ou 120\u20ac si logement\u00a0(<a href=\"https:\/\/malonneomega.be\/wp-content\/uploads\/2025\/02\/Contrat-de-location-CGO_25022025_SiteInternet.pdf\" target=\"_blank\" rel=\"noopener noreferrer\">voir contrat<\/a>).<br \/>\nCaution : 800\u20ac<br \/>\nCharges : forfait de 40\u20ac\/jour (eau \/ gaz \/ mazout \/ \u00e9lectricit\u00e9 \/ sacs poubelle \/ internet)<\/p>\n<p><strong><span style=\"text-decoration: underline;\">TYPE 2<\/span> : Activit\u00e9s dans le cadre des \u00e9glises<\/strong><\/p>\n<p>Tarif \u00e0 la journ\u00e9e : 80\u20ac<br \/>\nNuit\u00e9es : 3\u20ac par personne et par nuit<br \/>\nFrais de fonctionnement :\u00a0\u00e0 d\u00e9terminer apr\u00e8s le relev\u00e9 des compteurs.<br \/>\nFrais de nettoyage (obligatoire)\u00a0: 60\u20ac ou 120\u20ac si logement\u00a0(<a href=\"https:\/\/malonneomega.be\/wp-content\/uploads\/2025\/02\/Contrat-de-location-CGO_25022025_SiteInternet.pdf\" target=\"_blank\" rel=\"noopener noreferrer\">voir contrat<\/a>).<br \/>\nCaution : 800\u20ac<br \/>\nCharges : forfait de 40\u20ac\/jour (eau \/ gaz \/ mazout \/ \u00e9lectricit\u00e9 \/ sacs poubelle \/ internet)<\/p>\n<p><strong><span style=\"text-decoration: underline;\">OPTIONS<\/span>\u00a0:<\/strong><\/p>\n<p><strong><span style=\"text-decoration: underline;\">pack multim\u00e9dia <\/span>:<\/strong>  40\u20ac\u00a0\u00a0quelle que soit la dur\u00e9e du s\u00e9jour<\/p>\n<p>Table de mix 8 entr\u00e9es, 2 HP, 2 micros, 1 pied, 1 pupitre, vid\u00e9oprojecteur, toile, c\u00e2blage.<\/p>\n<p><strong><span style=\"text-decoration: underline;\">easy-pack\u00a0<\/span>:<\/strong>\u00a015\u20ac<\/p>\n<p>10 essuies de vaisselles<br \/>\n2 essuies main<br \/>\n1 lavette<br \/>\n2 \u00e9ponges<br \/>\nproduit de vaisselle (400 ml)<br \/>\n8 papiers wc<br \/>\n8 pastilles lave-vaisselle<br \/>\n2 pousses mousse<br \/>\n10 filtres \u00e0 caf\u00e9<br \/>\n1 allume gaz<\/p>\n<p>&nbsp;<\/p>\n<p>&nbsp;<\/p>\n<p>&nbsp;<\/p>\n","protected":false},"excerpt":{"rendered":"<p>TYPE 1 : Ev\u00e9nements priv\u00e9s Tarif \u00e0 la journ\u00e9e : 300\u20ac Tarif pour le week-end : 750\u20ac Nuit\u00e9es : 4\u20ac par personne et par nuit Frais de fonctionnement : A d\u00e9terminer apr\u00e8s le relev\u00e9 des compteurs. Frais de nettoyage (obligatoire)\u00a0: &hellip; <a href=\"https:\/\/malonneomega.be\/?page_id=12\">Continuer la lecture <span class=\"meta-nav\">&rarr;<\/span><\/a><\/p>\n","protected":false},"author":1,"featured_media":0,"parent":0,"menu_order":0,"comment_status":"closed","ping_status":"open","template":"","meta":[],"_links":{"self":[{"href":"https:\/\/malonneomega.be\/index.php?rest_route=\/wp\/v2\/pages\/12"}],"collection":[{"href":"https:\/\/malonneomega.be\/index.php?rest_route=\/wp\/v2\/pages"}],"about":[{"href":"https:\/\/malonneomega.be\/index.php?rest_route=\/wp\/v2\/types\/page"}],"author":[{"embeddable":true,"href":"https:\/\/malonneomega.be\/index.php?rest_route=\/wp\/v2\/users\/1"}],"replies":[{"embeddable":true,"href":"https:\/\/malonneomega.be\/index.php?rest_route=%2Fwp%2Fv2%2Fcomments&post=12"}],"version-history":[{"count":30,"href":"https:\/\/malonneomega.be\/index.php?rest_route=\/wp\/v2\/pages\/12\/revisions"}],"predecessor-version":[{"id":612,"href":"https:\/\/malonneomega.be\/index.php?rest_route=\/wp\/v2\/pages\/12\/revisions\/612"}],"wp:attachment":[{"href":"https:\/\/malonneomega.be\/index.php?rest_route=%2Fwp%2Fv2%2Fmedia&parent=12"}],"curies":[{"name":"wp","href":"https:\/\/api.w.org\/{rel}","templated":true}]}}