{"id":116,"date":"2012-10-06T17:05:47","date_gmt":"2012-10-06T16:05:47","guid":{"rendered":"http:\/\/malonneomega.be\/?page_id=116"},"modified":"2023-09-06T22:35:50","modified_gmt":"2023-09-06T21:35:50","slug":"descriptif","status":"publish","type":"page","link":"https:\/\/malonneomega.be\/?page_id=116","title":{"rendered":"Descriptif"},"content":{"rendered":"<p>Le CGO offre actuellement \u00e0 ses occupants la possibilit\u00e9 de profiter :<\/p>\n<ul>\n<li>d\u2019une salle de 70m\u00b2 (60 places assises, table de ping-pong)<\/li>\n<li>d&rsquo;une\u00a0cuisine de collectivit\u00e9 (avec four \u00e0 vapeur, micro-onde, sens\u00e9o, samovar, grille-pain, bouilloire \u00e9lectrique)<\/li>\n<li>d&rsquo;une laverie (avec vaisselle, 2 lave-vaisselle)<\/li>\n<li>d&rsquo;un salon<\/li>\n<li>de dortoirs pour 30 personnes <strong><em>!! A confirmer &#8211; le centre est en cours de r\u00e9am\u00e9nagement !!<\/em><\/strong>\n<ul>\n<li>6 chambres de 4 pers. (2 lits superpos\u00e9s)<\/li>\n<li>1 chambre de 6 pers. (3 lits superposes)<\/li>\n<\/ul>\n<\/li>\n<li>d&rsquo;un local sanitaire (3 lavabos et 4 douches)<\/li>\n<li>de locaux\u00a0WC (hommes &amp; femmes) avec lavabos<\/li>\n<li>d\u2019une pelouse de\u00a0 600 m\u00b2 (avec terrains de p\u00e9tanque, balan\u00e7oires, terrasse,&#8230;)<\/li>\n<li>d&rsquo;un parking de 50 \u00e0 60 places<\/li>\n<\/ul>\n<p><img loading=\"lazy\" src=\"https:\/\/malonneomega.be\/wp-content\/uploads\/2018\/10\/CGO_-flyer-2.jpg\" alt=\"\" width=\"783\" height=\"558\" \/><a href=\"https:\/\/malonneomega.be\/wp-content\/uploads\/2012\/10\/omega.gif\"><img loading=\"lazy\" class=\"aligncenter\" title=\"omega\" src=\"https:\/\/malonneomega.be\/wp-content\/uploads\/2012\/10\/omega.gif\" alt=\"\" width=\"469\" height=\"233\" \/><\/a><\/p>\n<p>&nbsp;<\/p>\n","protected":false},"excerpt":{"rendered":"<p>Le CGO offre actuellement \u00e0 ses occupants la possibilit\u00e9 de profiter : d\u2019une salle de 70m\u00b2 (60 places assises, table de ping-pong) d&rsquo;une\u00a0cuisine de collectivit\u00e9 (avec four \u00e0 vapeur, micro-onde, sens\u00e9o, samovar, grille-pain, bouilloire \u00e9lectrique) d&rsquo;une laverie (avec vaisselle, 2 &hellip; <a href=\"https:\/\/malonneomega.be\/?page_id=116\">Continuer la lecture <span class=\"meta-nav\">&rarr;<\/span><\/a><\/p>\n","protected":false},"author":1,"featured_media":0,"parent":0,"menu_order":0,"comment_status":"closed","ping_status":"open","template":"","meta":[],"_links":{"self":[{"href":"https:\/\/malonneomega.be\/index.php?rest_route=\/wp\/v2\/pages\/116"}],"collection":[{"href":"https:\/\/malonneomega.be\/index.php?rest_route=\/wp\/v2\/pages"}],"about":[{"href":"https:\/\/malonneomega.be\/index.php?rest_route=\/wp\/v2\/types\/page"}],"author":[{"embeddable":true,"href":"https:\/\/malonneomega.be\/index.php?rest_route=\/wp\/v2\/users\/1"}],"replies":[{"embeddable":true,"href":"https:\/\/malonneomega.be\/index.php?rest_route=%2Fwp%2Fv2%2Fcomments&post=116"}],"version-history":[{"count":8,"href":"https:\/\/malonneomega.be\/index.php?rest_route=\/wp\/v2\/pages\/116\/revisions"}],"predecessor-version":[{"id":568,"href":"https:\/\/malonneomega.be\/index.php?rest_route=\/wp\/v2\/pages\/116\/revisions\/568"}],"wp:attachment":[{"href":"https:\/\/malonneomega.be\/index.php?rest_route=%2Fwp%2Fv2%2Fmedia&parent=116"}],"curies":[{"name":"wp","href":"https:\/\/api.w.org\/{rel}","templated":true}]}}